{"id":375,"date":"2017-01-30T22:58:35","date_gmt":"2017-01-30T22:58:35","guid":{"rendered":"http:\/\/local.law:8888\/?page_id=375"},"modified":"2023-11-15T03:20:39","modified_gmt":"2023-11-15T03:20:39","slug":"who-we-are","status":"publish","type":"page","link":"https:\/\/gomezjustice.com\/es\/who-we-are\/","title":{"rendered":"Nosotros"},"content":{"rendered":"<div class=\"vc_row wpb_row vc_row-fluid\"><div class=\"wpb_column vc_column_container vc_col-sm-12\"><div class=\"vc_column-inner\"><div class=\"wpb_wrapper\">\n\t<div class=\"wpb_text_column wpb_content_element\" >\n\t\t<div class=\"wpb_wrapper\">\n\t\t\t<h3>Conozca a Jennifer Gomez Hardy<\/h3>\n<p>Jennifer Gomez Hardy es una litigante intr\u00e9pida con experiencia en bufetes de abogados de primer nivel y una pasi\u00f3n por ayudar a las v\u00edctimas que sufren lesiones, en muchos casos catastr\u00f3ficas, como resultado de colisiones de transporte, defectos de instalaciones\/productos, accidentes laborales, seguridad negligente, resbalones\/tropezones y ca\u00eddas. .<\/p>\n<p>Ella entiende que un momento en el tiempo puede cambiar la direcci\u00f3n de tu vida. Y en estos casos, en estos tiempos m\u00e1s vulnerables, Jennifer brinda a sus clientes conocimientos y un plan concreto para seguir adelante.<\/p>\n<p>Jennifer se esfuerza no s\u00f3lo por obtener la mayor recuperaci\u00f3n posible para sus clientes, sino tambi\u00e9n por brindarles una representaci\u00f3n exhaustiva y vigorosa de su caso, tanto dentro como fuera de los tribunales, para que sus derechos e intereses hayan sido protegidos total y h\u00e1bilmente.<\/p>\n<p>\u00bfEl secreto detr\u00e1s de su \u00e9xito? Su energ\u00eda creativa y deseo de ejercer la abogac\u00eda con una profunda convicci\u00f3n por la justicia; su compasi\u00f3n y capacidad para relacionarse con personas de distintos or\u00edgenes econ\u00f3micos, raciales y religiosos; y su incansable \u00e9tica de trabajo y compromiso de defender ferozmente a sus clientes. Ella siempre ha representado a personas, no a empresas o grandes corporaciones.<\/p>\n<p>Pero su historia no comenz\u00f3 en la sala del tribunal. Comenz\u00f3 a una edad muy temprana con una gran sensibilidad hacia la injusticia y compasi\u00f3n por las personas. A partir de ah\u00ed, evolucion\u00f3 hasta participar en varios grupos y actividades pol\u00edticas que luchaban por el civismo y la igualdad a trav\u00e9s de esfuerzos de base.<\/p>\n<p>A nivel personal, Jennifer permanece activa en la comunidad e invierte tiempo en tutor\u00eda. Es miembro de la junta directiva de la Asociaci\u00f3n de Abogados Hispanos de Pensilvania, la Asociaci\u00f3n de Abogados Litigantes de Filadelfia y el Servicio de Informaci\u00f3n y Referencia de Abogados. Recibi\u00f3 el premio Super Lawyers Rising Star 2018.<\/p>\n\n\t\t<\/div>\n\t<\/div>\n<div class=\"os-container\">\n              <div class=\"os-logos-list\">\n                <ul>\n                  <li><h4 class=\"list-header\">Vistos en:<\/h4><\/li><li><img decoding=\"async\" alt=\"As seen in:\" src=\"https:\/\/gomezjustice.com\/wp-content\/uploads\/2018\/12\/hbapa.png\"\/><\/li><li><img decoding=\"async\" alt=\"As seen in:\" src=\"https:\/\/gomezjustice.com\/wp-content\/uploads\/2023\/11\/SuperLawyers-26.png\"\/><\/li><li><img decoding=\"async\" alt=\"As seen in:\" src=\"https:\/\/gomezjustice.com\/wp-content\/uploads\/2023\/11\/METRO-26.png\"\/><\/li><li><img decoding=\"async\" alt=\"As seen in:\" src=\"https:\/\/gomezjustice.com\/wp-content\/uploads\/2023\/11\/Screen-Shot-2023-11-14-at-3.03.55-PM.png\"\/><\/li><\/ul>\n              <\/div>\n            <\/div><\/div><\/div><\/div><\/div><div class=\"vc_row wpb_row vc_row-fluid\"><div class=\"wpb_column vc_column_container vc_col-sm-12\"><div class=\"vc_column-inner\"><div class=\"wpb_wrapper\"><div class=\"os-container\">\n              <div class=\"os-cta-block  color-scheme-light vc_custom_1700018411696\" style=\"\">\n                \n                <div class=\"cta-content\">\n                  <div class=\"cta-text\"><p>&nbsp;<\/p>\n<p><a href=\"https:\/\/www.calameo.com\/read\/006530363c5409d5c3e5b\"><img decoding=\"async\" class=\"alignnone size-full wp-image-2379\" src=\"https:\/\/gomezjustice.com\/wp-content\/uploads\/2023\/11\/METRO-26.png\" alt=\"\" width=\"281\" height=\"134\" srcset=\"https:\/\/gomezjustice.com\/wp-content\/uploads\/2023\/11\/METRO-26.png 281w, https:\/\/gomezjustice.com\/wp-content\/uploads\/2023\/11\/METRO-26-18x9.png 18w\" sizes=\"(max-width: 281px) 100vw, 281px\" \/><\/a><\/p>\n<\/div>\n                  <div class=\"cta-button\"><a href=\"https:\/\/www.calameo.com\/read\/006530363c5409d5c3e5b\" class=\"btn btn-white btn-lg btn-rounded\" style=\"\"\">Read Article: Latina entrepreneurs are thriving in Philadelphia<\/a><\/div>\n                <\/div>\n              <\/div>\n            <\/div><div class=\"os-container\">\n              <div class=\"os-cta-block  color-scheme-light vc_custom_1700018424471\" style=\"\">\n                \n                <div class=\"cta-content\">\n                  <div class=\"cta-text\"><p>&nbsp;<\/p>\n<p><a href=\"https:\/\/digital.superlawyers.com\/superlawyers\/padeslrs22\/MobilePagedReplica.action?pm=2&amp;folio=24#pg24\"><img decoding=\"async\" class=\"alignnone size-medium wp-image-2378\" src=\"https:\/\/gomezjustice.com\/wp-content\/uploads\/2023\/11\/SuperLawyers-26-300x76.png\" alt=\"\" width=\"300\" height=\"76\" srcset=\"https:\/\/gomezjustice.com\/wp-content\/uploads\/2023\/11\/SuperLawyers-26-300x76.png 300w, https:\/\/gomezjustice.com\/wp-content\/uploads\/2023\/11\/SuperLawyers-26-18x5.png 18w, https:\/\/gomezjustice.com\/wp-content\/uploads\/2023\/11\/SuperLawyers-26-500x127.png 500w, https:\/\/gomezjustice.com\/wp-content\/uploads\/2023\/11\/SuperLawyers-26.png 769w\" sizes=\"(max-width: 300px) 100vw, 300px\" \/><\/a><\/p>\n<\/div>\n                  <div class=\"cta-button\"><a href=\"https:\/\/digital.superlawyers.com\/superlawyers\/padeslrs22\/MobilePagedReplica.action?pm=2&folio=24#pg24\" class=\"btn btn-white btn-lg btn-rounded\" style=\"\"\">Read Article: My Name is My Name<\/a><\/div>\n                <\/div>\n              <\/div>\n            <\/div><div class=\"os-container\">\n              <div class=\"os-cta-block  color-scheme-light vc_custom_1700018437503\" style=\"\">\n                \n                <div class=\"cta-content\">\n                  <div class=\"cta-text\"><p>&nbsp;<\/p>\n<p><a href=\"https:\/\/elsolnewsmedia.com\/latino-lawyers-jennifer-gomez-hardy\/\"><img decoding=\"async\" class=\"alignnone size-medium wp-image-2380\" src=\"https:\/\/gomezjustice.com\/wp-content\/uploads\/2023\/11\/Screen-Shot-2023-11-14-at-3.03.55-PM-300x39.png\" alt=\"\" width=\"300\" height=\"39\" srcset=\"https:\/\/gomezjustice.com\/wp-content\/uploads\/2023\/11\/Screen-Shot-2023-11-14-at-3.03.55-PM-300x39.png 300w, https:\/\/gomezjustice.com\/wp-content\/uploads\/2023\/11\/Screen-Shot-2023-11-14-at-3.03.55-PM-18x2.png 18w, https:\/\/gomezjustice.com\/wp-content\/uploads\/2023\/11\/Screen-Shot-2023-11-14-at-3.03.55-PM-500x65.png 500w, https:\/\/gomezjustice.com\/wp-content\/uploads\/2023\/11\/Screen-Shot-2023-11-14-at-3.03.55-PM.png 530w\" sizes=\"(max-width: 300px) 100vw, 300px\" \/><\/a><\/p>\n<\/div>\n                  <div class=\"cta-button\"><a href=\"https:\/\/elsolnewsmedia.com\/latino-lawyers-jennifer-gomez-hardy\/\" class=\"btn btn-white btn-lg btn-rounded\" style=\"\"\">Read Article: \u201cMore Latino lawyers\u201d Jennifer Gomez Hardy<\/a><\/div>\n                <\/div>\n              <\/div>\n            <\/div><\/div><\/div><\/div><\/div>","protected":false},"excerpt":{"rendered":"Meet Jennifer Gomez Hardy Jennifer Gomez Hardy is a fearless litigator with top tier law firm experience and a passion for helping victims who suffer from injuries, in many instances catastrophic, resulting from transportation collisions, premises\/product defects, workplace accidents, negligent security, slip\/trip and falls. She understands that a moment in time can change the direction...<div class=\" [...]\"><a href=\"https:\/\/gomezjustice.com\/es\/who-we-are\/\">Read More<\/a><\/div>","protected":false},"author":1,"featured_media":2182,"parent":0,"menu_order":0,"comment_status":"closed","ping_status":"closed","template":"","meta":{"footnotes":""},"class_list":["post-375","page","type-page","status-publish","has-post-thumbnail","hentry"],"_links":{"self":[{"href":"https:\/\/gomezjustice.com\/es\/wp-json\/wp\/v2\/pages\/375","targetHints":{"allow":["GET"]}}],"collection":[{"href":"https:\/\/gomezjustice.com\/es\/wp-json\/wp\/v2\/pages"}],"about":[{"href":"https:\/\/gomezjustice.com\/es\/wp-json\/wp\/v2\/types\/page"}],"author":[{"embeddable":true,"href":"https:\/\/gomezjustice.com\/es\/wp-json\/wp\/v2\/users\/1"}],"replies":[{"embeddable":true,"href":"https:\/\/gomezjustice.com\/es\/wp-json\/wp\/v2\/comments?post=375"}],"version-history":[{"count":16,"href":"https:\/\/gomezjustice.com\/es\/wp-json\/wp\/v2\/pages\/375\/revisions"}],"predecessor-version":[{"id":2385,"href":"https:\/\/gomezjustice.com\/es\/wp-json\/wp\/v2\/pages\/375\/revisions\/2385"}],"wp:featuredmedia":[{"embeddable":true,"href":"https:\/\/gomezjustice.com\/es\/wp-json\/wp\/v2\/media\/2182"}],"wp:attachment":[{"href":"https:\/\/gomezjustice.com\/es\/wp-json\/wp\/v2\/media?parent=375"}],"curies":[{"name":"wp","href":"https:\/\/api.w.org\/{rel}","templated":true}]}}